{"id":11,"date":"2021-04-07T18:03:12","date_gmt":"2021-04-07T18:03:12","guid":{"rendered":"http:\/\/agi-conf.org\/2021\/?page_id=11"},"modified":"2021-08-27T15:18:47","modified_gmt":"2021-08-27T15:18:47","slug":"committees","status":"publish","type":"page","link":"https:\/\/agi-conf.org\/2021\/committees\/","title":{"rendered":"Committees"},"content":{"rendered":"\n<p><strong>Conference Chair<\/strong><\/p>\n\n\n\n<ul class=\"wp-block-list\"><li>Ben Goertzel, SingularityNET, OpenCog Foundation &amp; Hanson Robotics<\/li><\/ul>\n\n\n\n<p><strong>Program Committee Chairs<\/strong><\/p>\n\n\n\n<ul class=\"wp-block-list\"><li>Ben Goertzel, SingularityNET, OpenCog Foundation &amp; Hanson Robotics<\/li><li>Matthew Ikl\u00e9, SingularityNET<\/li><li>Alexey Potapov, SingularityNET<\/li><\/ul>\n\n\n\n<p><strong>Organizing Committee<\/strong><\/p>\n\n\n\n<ul class=\"wp-block-list\"><li>Ben Goertzel, SingularityNET, OpenCog Foundation &amp; Hanson Robotics<\/li><li>Matthew Ikl\u00e9, SingularityNET<\/li><li>Alexey Potapov, SingularityNETD<\/li><\/ul>\n\n\n\n<p><strong>Program Committee<\/strong><\/p>\n\n\n\n<p>Joscha Bach &lt;<a rel=\"noreferrer noopener\" target=\"_blank\">joscha.bach@gmail.com<\/a>&gt;<\/p>\n\n\n\n<p>Antonio Chella, Dipartimento di Ingegneria Informatica, Universit\u00e0 di Palermo <\/p>\n\n\n\n<p>Haris Dindo, Universit\u00e0 di Palermo <\/p>\n\n\n\n<p>Wlodzislaw<strong> <\/strong>Duch, Nicolaus Copernicus University <\/p>\n\n\n\n<p>Arthur Franz, Odessa Competence Center for Artificial Intelligence and Machine Learning (OCCAM) <\/p>\n\n\n\n<p>Ben Goertzel, SingularityNET<\/p>\n\n\n\n<p>Nil Geisweiller, SingularityNET <\/p>\n\n\n\n<p>Patrick Hammer, Temple University <\/p>\n\n\n\n<p>Eva Hudlicka<\/p>\n\n\n\n<p>Matthew Ikl\u00e9, SingularityNET <\/p>\n\n\n\n<p>Peter Isaev, Temple University <\/p>\n\n\n\n<p>Cliff Joslyn, PNNL<\/p>\n\n\n\n<p>Anton Kolonin, Aigents <\/p>\n\n\n\n<p>Xiang Li, Temple Unviersity <\/p>\n\n\n\n<p>Amedeo Napoli, LORIA<\/p>\n\n\n\n<p>Eray \u00d6zkural, G\u00f6k Us Ara\u015ft\u0131rma ve Geli\u015ftirme Ltd. <\/p>\n\n\n\n<p>Maxim Peterson, SingularityNET <\/p>\n\n\n\n<p>Wiebke Petersen, Heinrich-Heine-Universit\u00e4t D\u00fcsseldorf <\/p>\n\n\n\n<p>Alexey Potapov, SingularityNET <\/p>\n\n\n\n<p>Samuel Roberti, SingularityNET<\/p>\n\n\n\n<p>Rafal Rzepka, Hokkaido University <\/p>\n\n\n\n<p>Ricardo Sanz, Universidad Polit\u00e9cnica de Madrid <\/p>\n\n\n\n<p>Oleg Scherbakov, SingularityNET <\/p>\n\n\n\n<p>Ute Schmid, Otto-Friedrich-Universit\u00e4t Bamberg<\/p>\n\n\n\n<p>Prof Leslie Smith, University of Stirling <\/p>\n\n\n\n<p>Bas Steunebrink, IDSIA <\/p>\n\n\n\n<p>Kristinn Thorisson, Reykjavik University<\/p>\n\n\n\n<p>Mario Verdicchio, Universit\u00e0 degli Studi di Bergamo <\/p>\n\n\n\n<p>Pei Wang, Temple University <\/p>\n\n\n\n<p>Roman Yampolskiy, University of Louisville<\/p>\n\n\n\n<p>Hedra Seid Yusaf, SingularityNET<\/p>\n\n\n\n<p>Byoung-Tak Zhang, Seoul National University<\/p>\n\n\n\n<p><\/p>\n\n\n\n<p><strong>Steering Committee<\/strong><\/p>\n\n\n\n<ul class=\"wp-block-list\"><li><a href=\"http:\/\/wp.goertzel.org\/\"><strong>Ben Goertzel<\/strong><\/a>, SingularityNET, OpenCog Foundation &amp; Hanson Robotics (Chair)<\/li><li><a href=\"http:\/\/www.hutter1.net\/\"><strong>Marcus Hutter<\/strong><\/a>, Australian National University, Australia<\/li><\/ul>\n","protected":false},"excerpt":{"rendered":"<p>Conference Chair Ben Goertzel, SingularityNET, OpenCog Foundation &amp; Hanson Robotics Program Committee Chairs Ben Goertzel, SingularityNET, OpenCog Foundation &amp; Hanson Robotics Matthew Ikl\u00e9, SingularityNET Alexey Potapov, SingularityNET Organizing Committee Ben Goertzel, SingularityNET, OpenCog Foundation &amp; Hanson Robotics Matthew Ikl\u00e9, SingularityNET Alexey Potapov, SingularityNETD Program Committee Joscha Bach &lt;joscha.bach@gmail.com&gt; Antonio Chella, Dipartimento di Ingegneria Informatica, Universit\u00e0 [&hellip;]<\/p>\n","protected":false},"author":1,"featured_media":0,"parent":0,"menu_order":0,"comment_status":"closed","ping_status":"closed","template":"","meta":{"footnotes":""},"class_list":["post-11","page","type-page","status-publish","hentry"],"jetpack_sharing_enabled":true,"_links":{"self":[{"href":"https:\/\/agi-conf.org\/2021\/wp-json\/wp\/v2\/pages\/11","targetHints":{"allow":["GET"]}}],"collection":[{"href":"https:\/\/agi-conf.org\/2021\/wp-json\/wp\/v2\/pages"}],"about":[{"href":"https:\/\/agi-conf.org\/2021\/wp-json\/wp\/v2\/types\/page"}],"author":[{"embeddable":true,"href":"https:\/\/agi-conf.org\/2021\/wp-json\/wp\/v2\/users\/1"}],"replies":[{"embeddable":true,"href":"https:\/\/agi-conf.org\/2021\/wp-json\/wp\/v2\/comments?post=11"}],"version-history":[{"count":26,"href":"https:\/\/agi-conf.org\/2021\/wp-json\/wp\/v2\/pages\/11\/revisions"}],"predecessor-version":[{"id":196,"href":"https:\/\/agi-conf.org\/2021\/wp-json\/wp\/v2\/pages\/11\/revisions\/196"}],"wp:attachment":[{"href":"https:\/\/agi-conf.org\/2021\/wp-json\/wp\/v2\/media?parent=11"}],"curies":[{"name":"wp","href":"https:\/\/api.w.org\/{rel}","templated":true}]}}