{"id":64,"date":"2018-12-29T19:07:31","date_gmt":"2018-12-29T19:07:31","guid":{"rendered":"http:\/\/agi-conf.org\/2019\/?page_id=64"},"modified":"2019-10-08T22:47:40","modified_gmt":"2019-10-08T22:47:40","slug":"committees","status":"publish","type":"page","link":"https:\/\/agi-conf.org\/2019\/committees\/","title":{"rendered":"Committees"},"content":{"rendered":"\n<p><strong>Conference Chair<\/strong><\/p>\n\n\n\n<ul class=\"wp-block-list\"><li><a href=\"http:\/\/wp.goertzel.org\/\"><strong>Ben Goertzel<\/strong><\/a>, SingularityNET, OpenCog Foundation &amp; Hanson Robotics<\/li><\/ul>\n\n\n\n<p><strong>Program Committee Chairs<\/strong><\/p>\n\n\n\n<ul class=\"wp-block-list\"><li>      Patrick Hammer, Temple University<\/li><li>      Pulin Agrawal, University of Memphis<\/li><\/ul>\n\n\n\n<p><strong>Organizing Committee<\/strong><\/p>\n\n\n\n<ul class=\"wp-block-list\"><li>      Matthew Ikle,  SingularityNET <\/li><li>      Kent Zaitlik,  MOZI.ai <\/li><\/ul>\n\n\n\n<p><strong>Program Committee<\/strong><\/p>\n\n\n\n<ul class=\"wp-block-list\"><li>Joscha Bach, MIT Media Lab<\/li><li>Jordi Bieger, Reykjavik University<\/li><li>Cristiano Castelfranchi, Institute of Cognitive Sciences and Technologies<\/li><li>Antonio Chella, Dipartimento di Ingegneria Informatica, Universit\u00e0 di Palermo<\/li><li>Nil Geisweiller, Novamente LLC<\/li><li>Jose Hernandez-Orallo, Universitat Politecnica de Valencia<\/li><li>Garret Katz, University of Maryland<\/li><li>Amedeo Napoli, LORIA Nancy<\/li><li>Eray \u00d6zkural, G\u00f6k Us Ara\u015ft\u0131rma ve Geli\u015ftirme Ltd.<\/li><li>Maxim Peterson, ITMO University<\/li><li>Alexey Potapov, ITMO University and SingularityNET<\/li><li>Nico Potyka, Universitaet Osnabrueck, IKW<\/li><li>Paul S. Rosenbloom, University of Southern California<\/li><li>Rafal Rzepka, Hokkaido University<\/li><li>Oleg Scherbakov, ITMO university<\/li><li>Ute Schmid, Faculty Information Systems and Applied Computer Science, University of Bamberg<\/li><li>Javier Snaider, Google<\/li><li>Bas Steunebrink, IDSIA<\/li><li>Kristinn Th\u00f3risson, Reykjavik University<\/li><li>Julian Togelius, New York University<\/li><li>Volkan Ustun, USC Institute for Creative Technologies<\/li><li>Mario Verdicchio, Universit\u00e0 degli Studi di Bergamo<\/li><li>Pei Wang, Temple University<\/li><li>Roman Yampolskiy, University of Louisville<\/li><li>Byoung-Tak Zhang, Seoul National University, School of Computer Sci. &amp; Eng.<\/li><li>Tarek Richard Besold, Alpha Health AI Lab, Telefonica Innovation Alpha <\/li><li>Arthur Franz, Odessa Competence Center for Artificial Intelligence and Machine Learning (OCCAM) <\/li><li>Matthew Ikle, SingularityNET  <\/li><li>Peter Isaev, Temple University <\/li><li>Anton Kolonin, Webstructor<\/li><li>Francesco Lanza, Dipartimento di Ingegneria &#8211; Universit\u00e0 degli Studi di Palermo<\/li><li>Xiang Li, Temple Unviersity <\/li><li>Tony Lofthouse, Evolving Solutions<\/li><li>Rafal Rzepka, Hokkaido University<\/li><li>Robert W\u00fcnsche, TU Dresden<\/li><li><\/li><\/ul>\n\n\n\n<p><strong>Steering Committee<\/strong><\/p>\n\n\n\n<ul class=\"wp-block-list\"><li><a href=\"http:\/\/wp.goertzel.org\/\"><strong>Ben Goertzel<\/strong><\/a>, SingularityNET, OpenCog Foundation &amp; Hanson Robotics, Hong Kong (Chair)<\/li><li><a href=\"http:\/\/www.hutter1.net\/\"><strong>Marcus Hutter<\/strong><\/a>, Australian National University, Australia<\/li><\/ul>\n\n\n\n<p><strong><br><\/strong><\/p>\n","protected":false},"excerpt":{"rendered":"<p>Conference Chair Ben Goertzel, SingularityNET, OpenCog Foundation &amp; Hanson Robotics Program Committee Chairs Patrick Hammer, Temple University Pulin Agrawal, University of Memphis Organizing Committee Matthew Ikle, SingularityNET Kent Zaitlik, MOZI.ai Program Committee Joscha Bach, MIT Media Lab Jordi Bieger, Reykjavik University Cristiano Castelfranchi, Institute of Cognitive Sciences and Technologies Antonio Chella, Dipartimento di Ingegneria Informatica, [&hellip;]<\/p>\n","protected":false},"author":1,"featured_media":0,"parent":0,"menu_order":0,"comment_status":"closed","ping_status":"closed","template":"","meta":{"footnotes":""},"class_list":["post-64","page","type-page","status-publish","hentry"],"jetpack_sharing_enabled":true,"_links":{"self":[{"href":"https:\/\/agi-conf.org\/2019\/wp-json\/wp\/v2\/pages\/64","targetHints":{"allow":["GET"]}}],"collection":[{"href":"https:\/\/agi-conf.org\/2019\/wp-json\/wp\/v2\/pages"}],"about":[{"href":"https:\/\/agi-conf.org\/2019\/wp-json\/wp\/v2\/types\/page"}],"author":[{"embeddable":true,"href":"https:\/\/agi-conf.org\/2019\/wp-json\/wp\/v2\/users\/1"}],"replies":[{"embeddable":true,"href":"https:\/\/agi-conf.org\/2019\/wp-json\/wp\/v2\/comments?post=64"}],"version-history":[{"count":17,"href":"https:\/\/agi-conf.org\/2019\/wp-json\/wp\/v2\/pages\/64\/revisions"}],"predecessor-version":[{"id":476,"href":"https:\/\/agi-conf.org\/2019\/wp-json\/wp\/v2\/pages\/64\/revisions\/476"}],"wp:attachment":[{"href":"https:\/\/agi-conf.org\/2019\/wp-json\/wp\/v2\/media?parent=64"}],"curies":[{"name":"wp","href":"https:\/\/api.w.org\/{rel}","templated":true}]}}