{"id":164,"date":"2014-05-22T15:50:58","date_gmt":"2014-05-22T15:50:58","guid":{"rendered":"http:\/\/agi-conf.org\/2014\/?page_id=164"},"modified":"2014-05-22T15:57:28","modified_gmt":"2014-05-22T15:57:28","slug":"lodging","status":"publish","type":"page","link":"https:\/\/agi-conf.org\/2014\/lodging\/","title":{"rendered":"Lodging"},"content":{"rendered":"<p>Quebec City has many excellent hotels in various price ranges. \u00a0 August is tourist season so conference-goers are encouraged to make their reservations early.<\/p>\n<p>In addition to the various hotels on offer, relatively low-cost accommodation is available on Laval University campus. \u00a0 These rooms may also fill up before the conference date, so advance reservations are strongly recommended. \u00a0 \u00a0Information on the on-campus accommodation is below, including a link to the reservation website.<\/p>\n<p><em><strong>On-Campus Lodging<\/strong><\/em><\/p>\n<p><b><i>H\u00e9bergement h\u00f4telier du Service des r\u00e9sidences de l\u2019Universit\u00e9 Laval \u2013 The housing alternative offering the best value for your money in Quebec City!<\/i><\/b><\/p>\n<p>Located just 10 minutes from downtown Quebec City on the Universit\u00e9 Laval campus, l\u2019h\u00e9bergement h\u00f4telier du Service des residences offers accommodation in a stimulating environment close to many tourist attractions. \u00a0Only a few steps from the campus conference buildings, our four residences are also just five kilometers from the Quebec City Convention Center. The city bus (Metrobus 800 or 801) will get you there in only fifteen minutes.<\/p>\n<p>Two categories of room are available:<\/p>\n<ul>\n<li><b>Standard University Room (shared bathroom). \u00a0\u00a0<\/b>These rooms have two single beds and feature all the amenities usually available in hotels or bed linen and towels, shampoo and soap, parking included, free wireless internet access and free local calls. \u00a0<b>Rates:\u00a0<\/b>$ 48 + taxes in single occupancy and $ 68 + taxes in double occupancy (*Breakfast is included)<\/li>\n<li>\u00a0<b>Superior University Room (private bathroom). \u00a0\u00a0<\/b>These rooms are equipped with a bathroom, a Queen sized bed, a TV, a microwave oven, refrigerator and telephone. They usually have all the amenities offered by hotels or bed linen and towels, shampoo and soap, parking included, free wireless internet access and free local calls. \u00a0\u00a0<b>Rates\u00a0<\/b>: \u00a0$ 86 + taxes in single occupancy or double occupancy (*Breakfast is included)<\/li>\n<\/ul>\n<p>To reserve, use the following form and select the proper event<em> (AGI-2014 &#8211; Artificial General Intelligence Society &#8211; Event #231492)<\/em>\u00a0in the scrolling list at the end:<\/p>\n<p><a href=\"https:\/\/www.residences.ulaval.ca\/en\/short_term_accommodation\/packages_and_rates\/conventions_and_conferences\/testres\/\" target=\"_blank\">https:\/\/www.residences.ulaval.<wbr \/>ca\/en\/short_term_<wbr \/>accommodation\/packages_and_<wbr \/>rates\/conventions_and_<wbr \/>conferences\/testres\/<\/a><\/p>\n<p>For information, contact the on-campus lodging office directly at\u00a0<a href=\"tel:418-656-5632\" target=\"_blank\">418-656-5632<\/a>\u00a0or by email at\u00a0<a href=\"mailto:hebergement@sres.ulaval.ca\" target=\"_blank\">hebergement@sres.ulaval.ca<\/a>\u00a0and mention the name of the event.<\/p>\n","protected":false},"excerpt":{"rendered":"<p>Quebec City has many excellent hotels in various price ranges. \u00a0 August is tourist season so conference-goers are encouraged to make their reservations early. In addition to the various hotels on offer, relatively low-cost accommodation is available on Laval University campus. \u00a0 These rooms may also fill up before the conference date, so advance reservations [&hellip;]<\/p>\n","protected":false},"author":1,"featured_media":0,"parent":0,"menu_order":0,"comment_status":"open","ping_status":"open","template":"","meta":{"footnotes":""},"class_list":["post-164","page","type-page","status-publish","hentry"],"_links":{"self":[{"href":"https:\/\/agi-conf.org\/2014\/wp-json\/wp\/v2\/pages\/164","targetHints":{"allow":["GET"]}}],"collection":[{"href":"https:\/\/agi-conf.org\/2014\/wp-json\/wp\/v2\/pages"}],"about":[{"href":"https:\/\/agi-conf.org\/2014\/wp-json\/wp\/v2\/types\/page"}],"author":[{"embeddable":true,"href":"https:\/\/agi-conf.org\/2014\/wp-json\/wp\/v2\/users\/1"}],"replies":[{"embeddable":true,"href":"https:\/\/agi-conf.org\/2014\/wp-json\/wp\/v2\/comments?post=164"}],"version-history":[{"count":3,"href":"https:\/\/agi-conf.org\/2014\/wp-json\/wp\/v2\/pages\/164\/revisions"}],"predecessor-version":[{"id":168,"href":"https:\/\/agi-conf.org\/2014\/wp-json\/wp\/v2\/pages\/164\/revisions\/168"}],"wp:attachment":[{"href":"https:\/\/agi-conf.org\/2014\/wp-json\/wp\/v2\/media?parent=164"}],"curies":[{"name":"wp","href":"https:\/\/api.w.org\/{rel}","templated":true}]}}