{"id":5,"date":"2009-06-08T14:03:45","date_gmt":"2009-06-08T12:03:45","guid":{"rendered":"http:\/\/agi-conf.org\/2010\/site\/?page_id=5"},"modified":"2012-06-26T09:51:23","modified_gmt":"2012-06-26T17:51:23","slug":"committees","status":"publish","type":"page","link":"https:\/\/agi-conf.org\/2011\/committees\/","title":{"rendered":"Committees"},"content":{"rendered":"<h2><span style=\"color: #000000;\">Organizing Committee<\/span><\/h2>\n<ul>\n<li><strong>Bas Steunebrink<\/strong><em>, IDSIA, Switzerland<\/em><\/li>\n<li><strong>Ben Goertzel<\/strong>, <em>Novamente<\/em><\/li>\n<li><strong>Blerim Emruli<\/strong>, <em>Lulea University of Technology<\/em><\/li>\n<li><strong>Brandon Rohrer<\/strong><em>,\u00a0Sandia National Laboratories<\/em><\/li>\n<li><strong>David Orban<\/strong><em>, Humanity+<\/em><\/li>\n<li><strong>John Laird<\/strong><em>,\u00a0University of Michigan<\/em><\/li>\n<li><strong>Marcus Hutter<\/strong>, <em>Australian National University<\/em><\/li>\n<li> <strong>Moshe Looks<\/strong><em> (Conference Chair), Google<\/em><\/li>\n<li><strong>Randal Koene<\/strong><em>, Halcyon Molecular<\/em><\/li>\n<li><strong>Sarah Bull<\/strong>, <em>NICTA<\/em><\/li>\n<li><strong>Stephen Reed<\/strong>, <em>Texai<\/em><\/li>\n<\/ul>\n<h2><span style=\"color: #000000;\">Local Organizing Committee<\/span><\/h2>\n<ul>\n<li><strong>Bruce Klein<\/strong>, <em>Singularity University<\/em><\/li>\n<li><strong>Peter Norvig<\/strong>, <em>Google<\/em><\/li>\n<li><strong>Rod Furlan<\/strong>, <em>Entrepreneur<\/em><\/li>\n<\/ul>\n<h2><span style=\"color: #000000;\">Program Chairs<\/span><\/h2>\n<ul>\n<li><strong>Juergen Schmidhuber<\/strong><em>, IDSIA<\/em><\/li>\n<li><strong>Kristinn R. Th\u00f3risson<\/strong><em>, Reykjavik University<\/em><\/li>\n<\/ul>\n<h2><span style=\"color: #000000;\">Program Committee<\/span><\/h2>\n<ul>\n<li><strong>Sam\u00a0Adams<\/strong><em>, IBM, USA<\/em><\/li>\n<li><strong>Sebastian Bader<\/strong><em>, Rostock University, Germany<\/em><\/li>\n<li><em><strong><span style=\"font-style: normal;\">Anirban Bandyopadhay<\/span><\/strong>, National Institute for Materials Science, USA<\/em><\/li>\n<li><em><strong><span style=\"font-style: normal;\">Eric Baum<\/span><\/strong>, Baum Research Enterprises<\/em><\/li>\n<li><strong>Anslem Blumer<\/strong><em>, Tufts University, USA<\/em><\/li>\n<li><strong>James Bonaiuto<\/strong><em>, California Institute of Technology, USA<\/em><\/li>\n<li><strong>Joanna Bryson<\/strong>,<em> University of Bath, U.K.<\/em><\/li>\n<li><strong>Antonio Chella<\/strong><em>, University of Palermo, Italy<\/em><\/li>\n<li><strong>Haris Dindo<\/strong><em>, University of Palermo, Italy<\/em><\/li>\n<li><strong>Yoni Donner<\/strong><em>, Google, USA<\/em><\/li>\n<li><strong>Marco Dorigo<\/strong><em>, Universite&#8217; Libre de Bruxelles<\/em><\/li>\n<li><strong>Wlodzislaw Duch<\/strong><em>, Nicolaus Copernicus University, Poland<\/em><\/li>\n<li><strong>Matteo Gagliolo<\/strong><em>, Vrije Universiteit Brussel, Brussels, Belgium<\/em><\/li>\n<li><strong>Deon Garrett<\/strong><em>, \u00a0Icelandic Institute for Intelligent Machines, Iceland<\/em><\/li>\n<li><strong>Nil Geisweiller<\/strong><em>, Novamente LLC, USA<\/em><\/li>\n<li><strong>Faustino Gomez<\/strong><em>, IDSIA, Switzerland<\/em><\/li>\n<li><strong>J. Storrs Hall<\/strong><em>, \u00a0Institute for Molecular Manufacturing, USA<\/em><\/li>\n<li><strong>Demis Hassabis<\/strong><em>, Gatsby Unit, UK<\/em><\/li>\n<li><strong>Pascal Hitzler<\/strong><em>, Wright State University, USA<\/em><\/li>\n<li><strong>Marcus Hutter<\/strong><em>, \u00a0Australian National University, Australia<\/em><\/li>\n<li><strong>Matt Ikle&#8217;<\/strong><em>, \u00a0Adams State College, USA<\/em><\/li>\n<li><strong>Kamilla J\u00f3hannsd\u00f3ttir<\/strong><em>, University of Akureyri, Iceland<\/em><\/li>\n<li><strong>Benjamin Johnston<\/strong><em>, University of Technology, Sidney, Australia<\/em><\/li>\n<li><strong>Emanuel Kitzelmann<\/strong><em>, University of Bamberg, Germany<\/em><\/li>\n<li><strong>Andras Kornai<\/strong><em>, Computer Science Dept, Boston University, USA<\/em><\/li>\n<li><strong>Jan Koutnik<\/strong><em>, IDSIA, Switzerland<\/em><\/li>\n<li><strong>Kai-Uwe Kuehnberger<\/strong><em>, University of Osnabrueck, Germany<\/em><\/li>\n<li><strong>Christian Lebiere<\/strong><em>, Carnegie-Mellon University, USA<\/em><\/li>\n<li><strong>Shane Legg<\/strong><em>, Gatsby Unit<\/em><\/li>\n<li><strong>Thor List<\/strong><em>, Communicative Machines Ltd., UK<\/em><\/li>\n<li><strong>Andras Lorincz<\/strong><em>, E\u00f6tv\u00f6s Lor\u00e1nd University, Hungary<\/em><\/li>\n<li><strong>Matt Luciw<\/strong><em>, IDSIA, Switzerland<\/em><\/li>\n<li><strong>Jiang Min<\/strong><em>, Xiamen University, China<\/em><\/li>\n<li><strong>Victor Ng-Thow-Hing<\/strong><em>, Honda Research Institute, USA<\/em><\/li>\n<li><strong>Eric Nivel<\/strong><em>, Reykjavik University, Iceland<\/em><\/li>\n<li><strong>Leo Pape<\/strong><em>, IDSIA, Switzerland<\/em><\/li>\n<li><strong>Jan Poland<\/strong><em>, ABB Corporate Research, Switzerland<\/em><\/li>\n<li><strong>Mark Ring<\/strong>,<em> IDSIA Switzerland &amp; USA<\/em><\/li>\n<li><strong>Paul Rosenbloom<\/strong><em>, University of Southern California, USA<\/em><\/li>\n<li><strong>Sebastian Rudolph<\/strong><em>, Karlsruhe Institute of Technology, Germany<\/em><\/li>\n<li><strong>Daniil Ryabko<\/strong><em>, INRIA Lille, France<\/em><\/li>\n<li><strong>Rafal Rzepka<\/strong><em>, Hokkaido University, Japan<\/em><\/li>\n<li><strong>Alexei Samsonovich<\/strong><em>, George Mason University, USA<\/em><\/li>\n<li><strong>Ricardo Sanz<\/strong><em>, Technical University of Madrid, Spain<\/em><\/li>\n<li><strong>Tom Schaul<\/strong><em>, IDSIA, Switzerland<\/em><\/li>\n<li><strong>Matthias Scheutz<\/strong><em>, Indiana University, USA<\/em><\/li>\n<li><strong>Ute Schmid<\/strong><em>, University of Bamberg, Germany<\/em><\/li>\n<li><strong>Stuart Shapiro<\/strong><em>, SUNY Buffalo, USA<\/em><\/li>\n<li><strong>Lokendra Shastri<\/strong><em>, SETLabs, Infosys Technologies Limited<\/em><\/li>\n<li><strong>Zhongzhi Shi<\/strong><em>, Chinese Academy of \u00a0Sciences, China<\/em><\/li>\n<li><strong>John Sowa<\/strong><em>, VivoMind, USA<\/em><\/li>\n<li><strong>Bas Steunebrink<\/strong><em>, IDSIA, Switzerland<\/em><\/li>\n<li><strong>Julian Togelius<\/strong><em>, IT University of Copenhagen, Denmark<\/em><\/li>\n<li><strong>Marc Toussaint<\/strong><em>, Technical University of Berlin, Germany<\/em><\/li>\n<li><strong>Lyle Ungar<\/strong><em>, University of Pennsylvania, USA<\/em><\/li>\n<li><strong>Wendell Wallach<\/strong><em>, Yale University, USA<\/em><\/li>\n<li><strong>Pei Wang<\/strong><em>, Temple University, USA<\/em><\/li>\n<li><strong>Marco Wiering<\/strong><em>, University of Groningen, the Netherlands<\/em><\/li>\n<li><strong>Mary-Anne Williams<\/strong><em>, University of Technology, Sidney, Australia<\/em><\/li>\n<li><strong>David Wolpert<\/strong><em>, NASA Ames, USA<\/em><\/li>\n<li><strong>Yixin Zhong<\/strong><em>, Beijing University of Post and Telecommunication, China<\/em><\/li>\n<\/ul>\n<h2><span style=\"color: #000000;\">Demo-Track Committee<\/span><\/h2>\n<ul>\n<li><strong>Itamar Arel<\/strong> <em>(Chair),<\/em> <em>University of\u00a0Tennessee<\/em><\/li>\n<\/ul>\n<h2><strong><span style=\"color: #000000;\">Steering Committee<\/span><\/strong><\/h2>\n<ul>\n<li><strong>Ben Goertzel<\/strong>, <em>Novamente<\/em><\/li>\n<li><strong>Marcus Hutter<\/strong>, <em>Australian National University<\/em><\/li>\n<\/ul>\n","protected":false},"excerpt":{"rendered":"<p>Organizing Committee Bas Steunebrink, IDSIA, Switzerland Ben Goertzel, Novamente Blerim Emruli, Lulea University of Technology Brandon Rohrer,\u00a0Sandia National Laboratories David Orban, Humanity+ John Laird,\u00a0University of Michigan Marcus Hutter, Australian National University Moshe Looks (Conference Chair), Google Randal Koene, Halcyon Molecular Sarah Bull, NICTA Stephen Reed, Texai Local Organizing Committee Bruce Klein, Singularity University Peter Norvig, [&hellip;]<\/p>\n","protected":false},"author":1,"featured_media":0,"parent":0,"menu_order":0,"comment_status":"open","ping_status":"open","template":"","meta":{"footnotes":""},"class_list":["post-5","page","type-page","status-publish","hentry"],"_links":{"self":[{"href":"https:\/\/agi-conf.org\/2011\/wp-json\/wp\/v2\/pages\/5","targetHints":{"allow":["GET"]}}],"collection":[{"href":"https:\/\/agi-conf.org\/2011\/wp-json\/wp\/v2\/pages"}],"about":[{"href":"https:\/\/agi-conf.org\/2011\/wp-json\/wp\/v2\/types\/page"}],"author":[{"embeddable":true,"href":"https:\/\/agi-conf.org\/2011\/wp-json\/wp\/v2\/users\/1"}],"replies":[{"embeddable":true,"href":"https:\/\/agi-conf.org\/2011\/wp-json\/wp\/v2\/comments?post=5"}],"version-history":[{"count":51,"href":"https:\/\/agi-conf.org\/2011\/wp-json\/wp\/v2\/pages\/5\/revisions"}],"predecessor-version":[{"id":1484,"href":"https:\/\/agi-conf.org\/2011\/wp-json\/wp\/v2\/pages\/5\/revisions\/1484"}],"wp:attachment":[{"href":"https:\/\/agi-conf.org\/2011\/wp-json\/wp\/v2\/media?parent=5"}],"curies":[{"name":"wp","href":"https:\/\/api.w.org\/{rel}","templated":true}]}}